{"id":3898,"date":"2023-05-11T10:13:19","date_gmt":"2023-05-11T10:13:19","guid":{"rendered":"https:\/\/doktorska.uniri.hr\/?page_id=3898"},"modified":"2023-09-15T09:39:36","modified_gmt":"2023-09-15T09:39:36","slug":"organizational-structure","status":"publish","type":"page","link":"https:\/\/doktorska.uniri.hr\/en\/doctoral-school\/organizational-structure\/","title":{"rendered":"Organizational structure"},"content":{"rendered":"<div class=\"wp-block-ub-content-toggle wp-block-ub-content-toggle-block\" id=\"ub-content-toggle-block-0e2ed0a1-f87f-475c-a231-cf19eb96a4c7\" data-mobilecollapse=\"true\" data-desktopcollapse=\"true\" data-preventcollapse=\"false\" data-showonlyone=\"false\">\n<div class=\"wp-block-ub-content-toggle-accordion\" style=\"border-color: #f1f1f1;\" id=\"ub-content-toggle-panel-block-\">\n\t\t\t<div class=\"wp-block-ub-content-toggle-accordion-title-wrap\" style=\"background-color: #f1f1f1;\" aria-controls=\"ub-content-toggle-panel-0-0e2ed0a1-f87f-475c-a231-cf19eb96a4c7\" tabindex=\"0\">\n\t\t\t<p class=\"wp-block-ub-content-toggle-accordion-title ub-content-toggle-title-0e2ed0a1-f87f-475c-a231-cf19eb96a4c7\" style=\"color: #000000; \">The expert Council of the Doctoral School<\/p>\n\t\t\t<div class=\"wp-block-ub-content-toggle-accordion-toggle-wrap right\" style=\"color: #000000;\"><span class=\"wp-block-ub-content-toggle-accordion-state-indicator wp-block-ub-chevron-down\"><\/span><\/div>\n\t\t<\/div>\n\t\t\t<div role=\"region\" aria-expanded=\"false\" class=\"wp-block-ub-content-toggle-accordion-content-wrap ub-hide\" id=\"ub-content-toggle-panel-0-0e2ed0a1-f87f-475c-a231-cf19eb96a4c7\">\n\n<p>The Council of the Doctoral School decides on expert academic, scientific, artistic, and professional matters within the scope of the Doctoral School\u2019s work. The Council was constituted at the meeting on October 21, 2021, with a term of 4 years. There have been minor changes regarding members and student representatives, primarily due to the cessation of student status.<\/p>\n\n\n\n<h3 class=\"wp-block-heading\">Members:<\/h3>\n\n\n\n<ul class=\"wp-block-list\">\n<li><strong>Assoc. Prof. Celestina Vi\u010devi\u0107, Ph.D.<\/strong>, Academy of Applied Arts<\/li>\n\n\n\n<li><strong>Assist. Prof. Vinko Zaninovi\u0107, Ph.D.<\/strong>, Faculty of Economics<\/li>\n\n\n\n<li><strong>Assist. Prof. Romana Per\u0161ic Bukmir, Ph.D.<\/strong>, Faculty of Dental Medicine<\/li>\n\n\n\n<li><strong>Prof. Sanda Martin\u010di\u0107 \u2013 Ip\u0161i\u0107, Ph.D.<\/strong>, Faculty of Informatics and Digital Technologies<\/li>\n\n\n\n<li><strong>Prof. Dijana Dominis Prester, Ph.D.<\/strong>, Faculty of Physics<\/li>\n\n\n\n<li><strong>Assoc. Prof. Tajana Ban Kirigin, Ph.D.<\/strong>, Faculty of Mathematics<\/li>\n\n\n\n<li><strong>Assoc. Prof. Daniela Soldi\u0107 Frleta, Ph.D.<\/strong>, Faculty of Tourism and Hospitality Management<\/li>\n\n\n\n<li><strong>Assist. Prof. Silvije \u0160egulja, Ph.D.<\/strong>, Faculty of Health Studies<\/li>\n\n\n\n<li><strong>Prof. Luca Malatesti, Ph.D.<\/strong>, Faculty of Humanities and Social Sciences<\/li>\n\n\n\n<li><strong>Assoc. Prof. Sanja Dugonji\u0107 Jovan\u010devi\u0107, Ph.D.<\/strong>, Faculty of civil engineering<\/li>\n\n\n\n<li><strong>Prof. Marina \u0160anti\u0107, Ph.D.<\/strong>, Faculty of Medicine<\/li>\n\n\n\n<li><strong>Assoc. Prof. Jelena Ban, Ph.D.<\/strong>, Department of Biotechnology<\/li>\n\n\n\n<li><strong>Assist. Prof. Sanjin Val\u010di\u0107<\/strong>, Faculty of Maritime Studies<\/li>\n\n\n\n<li><strong>Prof. Ivana Kunda, Ph.D.<\/strong>, Faculty of Law<\/li>\n\n\n\n<li><strong>Lea Lazzarich<\/strong>, director of the University Library in Rijeka <\/li>\n\n\n\n<li><strong>Prof. Domagoj Lanc, Ph.D.<\/strong>, Faculty of Engineering<\/li>\n\n\n\n<li><strong>Assist. Prof. Ester Vidovi\u0107, Ph.D.<\/strong>, Faculty of Education<\/li>\n<\/ul>\n\n\n\n<h3 class=\"wp-block-heading\">Doctoral student representatives:<\/h3>\n\n\n\n<ul class=\"wp-block-list\">\n<li><strong>Vito Balorda, M.A.<\/strong><\/li>\n\n\n\n<li><strong>Tamara Crnko, <strong>M.A.<\/strong><\/strong><\/li>\n\n\n\n<li><strong>Nadja \u010cekolj, <strong>M.A.<\/strong><\/strong><\/li>\n\n\n\n<li><strong>Tomislav \u010cop, <strong>M.A.<\/strong><\/strong><\/li>\n\n\n\n<li><strong>Dominik Patafta, <strong>M.A.<\/strong><\/strong><\/li>\n<\/ul>\n\n\n<div class=\"wp-block-ub-content-toggle wp-block-ub-content-toggle-block\" id=\"ub-content-toggle-block-5b135930-3bbd-42d5-8b35-4c48fd90531e\" data-mobilecollapse=\"false\" data-desktopcollapse=\"true\" data-preventcollapse=\"false\" data-showonlyone=\"false\">\n<div class=\"wp-block-ub-content-toggle-accordion\" style=\"border-color: #f1f1f1;\" id=\"ub-content-toggle-panel-block-\">\n\t\t\t<div class=\"wp-block-ub-content-toggle-accordion-title-wrap\" style=\"background-color: #f1f1f1;\" aria-controls=\"ub-content-toggle-panel-0-5b135930-3bbd-42d5-8b35-4c48fd90531e\" tabindex=\"0\">\n\t\t\t<p class=\"wp-block-ub-content-toggle-accordion-title ub-content-toggle-title-5b135930-3bbd-42d5-8b35-4c48fd90531e\" style=\"color: #000000; \">Former members<\/p>\n\t\t\t<div class=\"wp-block-ub-content-toggle-accordion-toggle-wrap right\" style=\"color: #000000;\"><span class=\"wp-block-ub-content-toggle-accordion-state-indicator wp-block-ub-chevron-down\"><\/span><\/div>\n\t\t<\/div>\n\t\t\t<div role=\"region\" aria-expanded=\"false\" class=\"wp-block-ub-content-toggle-accordion-content-wrap ub-hide\" id=\"ub-content-toggle-panel-0-5b135930-3bbd-42d5-8b35-4c48fd90531e\">\n\n<h4 class=\"wp-block-heading\">Head of the Doctoral School<\/h4>\n\n\n\n<ul class=\"wp-block-list\">\n<li><strong>Professor Sandra Kraljevi\u0107 Paveli\u0107<\/strong> (<em>till June 2021<\/em>)<\/li>\n<\/ul>\n\n\n\n<h4 class=\"wp-block-heading\">Members<\/h4>\n\n\n\n<ul class=\"wp-block-list\">\n<li><strong>Prof. Maja Mateti\u0107, Ph.D.<\/strong>, Faculty of Informatics and Digital Technologies (<em>till 25. April 2022.<\/em>)<\/li>\n\n\n\n<li><strong>Assoc. Prof. Andrea \u0160vob Ph.D.<\/strong>, Faculty of Mathematics (<em>till 25. April 2022.<\/em>)<\/li>\n\n\n\n<li><strong>Assoc. Prof. Ivana Ratkaj, Ph.D.<\/strong>, Department of Biotechnology (<em>till 23. April 2022.<\/em>)<\/li>\n\n\n\n<li><strong>Assist. Prof. David Br\u010di\u0107, Ph.D.<\/strong>, Faculty of Maritime Studies (<em>till 08. September 2022.<\/em>)<\/li>\n\n\n\n<li><strong>Assoc. Prof. Marinko Lazzarich, Ph.d.<\/strong>, Faculty of Education (<em>till 26. January 2023.<\/em>)<\/li>\n\n\n\n<li><strong>Assoc. Prof. Lidija Runko Luttenberger, Ph.D.<\/strong>, Polytechnic studies (<em>till 21. October 2022.<\/em>)<\/li>\n<\/ul>\n\n<\/div>\n\t\t<\/div>\n<\/div>\n<\/div>\n\t\t<\/div>\n\n<div class=\"wp-block-ub-content-toggle-accordion\" style=\"border-color: #f1f1f1;\" id=\"ub-content-toggle-panel-block-\">\n\t\t\t<div class=\"wp-block-ub-content-toggle-accordion-title-wrap\" style=\"background-color: #f1f1f1;\" aria-controls=\"ub-content-toggle-panel-1-0e2ed0a1-f87f-475c-a231-cf19eb96a4c7\" tabindex=\"0\">\n\t\t\t<p class=\"wp-block-ub-content-toggle-accordion-title ub-content-toggle-title-0e2ed0a1-f87f-475c-a231-cf19eb96a4c7\" style=\"color: #000000; \">Advisory board of the Doctoral School<\/p>\n\t\t\t<div class=\"wp-block-ub-content-toggle-accordion-toggle-wrap right\" style=\"color: #000000;\"><span class=\"wp-block-ub-content-toggle-accordion-state-indicator wp-block-ub-chevron-down\"><\/span><\/div>\n\t\t<\/div>\n\t\t\t<div role=\"region\" aria-expanded=\"false\" class=\"wp-block-ub-content-toggle-accordion-content-wrap ub-hide\" id=\"ub-content-toggle-panel-1-0e2ed0a1-f87f-475c-a231-cf19eb96a4c7\">\n\n<p>The board was established in November 2021, and its members are: <\/p>\n\n\n\n<ul class=\"wp-block-list\">\n<li><strong>Prof. Bojan \u010cuki\u0107, PhD<\/strong>, North Carolina University, Charlotte, United States of America<\/li>\n\n\n\n<li><strong>Prof. Ivan \u0110iki\u0107, PhD<\/strong>, Goethe University, Frankfurt, Germany<\/li>\n\n\n\n<li><strong>Prof. Mirta Gale\u0161i\u0107, PhD<\/strong>, Santa Fe Institute, United States of America<\/li>\n\n\n\n<li><strong>Prof. Gordan Jeleni\u0107, PhD<\/strong>, Vice-Rector for Science and Arts, University of Rijeka<\/li>\n\n\n\n<li><strong>Prof. Aleksandra Kanjuo Mr\u010dela, PhD<\/strong>, University of Ljubljana, Slovenia<\/li>\n\n\n\n<li><strong>Prof. Jasna Kri\u017e, PhD<\/strong>, Laval University, Quebec City, Canada<\/li>\n\n\n\n<li><strong>Assoc. Prof. Ivan Lupi\u0107, PhD<\/strong>, Stanford University, Palo Alto, United States of America<\/li>\n\n\n\n<li><strong>Assoc. Prof. Kristian Novak, PhD<\/strong>, University of Zagreb<\/li>\n\n\n\n<li><strong>Prof. Vernesa Smol\u010di\u0107, PhD<\/strong>, University of Zagreb<\/li>\n\n\n\n<li><strong>Assoc. Prof. Nik\u0161a Svili\u010di\u0107, PhD<\/strong>, University North, Koprivnica<\/li>\n\n\n\n<li><strong>Prof. Marta \u017duvi\u0107, PhD<\/strong>, Vice-Rector for Studies, Students, and Quality Assurance, University of Rijeka<\/li>\n<\/ul>\n\n<\/div>\n\t\t<\/div>\n\n<div class=\"wp-block-ub-content-toggle-accordion\" style=\"border-color: #f1f1f1;\" id=\"ub-content-toggle-panel-block-\">\n\t\t\t<div class=\"wp-block-ub-content-toggle-accordion-title-wrap\" style=\"background-color: #f1f1f1;\" aria-controls=\"ub-content-toggle-panel-2-0e2ed0a1-f87f-475c-a231-cf19eb96a4c7\" tabindex=\"0\">\n\t\t\t<p class=\"wp-block-ub-content-toggle-accordion-title ub-content-toggle-title-0e2ed0a1-f87f-475c-a231-cf19eb96a4c7\" style=\"color: #000000; \">Head of the Doctoral School<\/p>\n\t\t\t<div class=\"wp-block-ub-content-toggle-accordion-toggle-wrap right\" style=\"color: #000000;\"><span class=\"wp-block-ub-content-toggle-accordion-state-indicator wp-block-ub-chevron-down\"><\/span><\/div>\n\t\t<\/div>\n\t\t\t<div role=\"region\" aria-expanded=\"false\" class=\"wp-block-ub-content-toggle-accordion-content-wrap ub-hide\" id=\"ub-content-toggle-panel-2-0e2ed0a1-f87f-475c-a231-cf19eb96a4c7\">\n\n<p><strong>prof. Igor Prpi\u0107, Ph.D., M.D.<\/strong><\/p>\n\n\n\n<p>Deputy Head of the Doctoral School: Assoc. Prof. Luca Malatesti, Faculty of Humanities<\/p>\n\n<\/div>\n\t\t<\/div>\n\n<div class=\"wp-block-ub-content-toggle-accordion\" style=\"border-color: #f1f1f1;\" id=\"ub-content-toggle-panel-block-\">\n\t\t\t<div class=\"wp-block-ub-content-toggle-accordion-title-wrap\" style=\"background-color: #f1f1f1;\" aria-controls=\"ub-content-toggle-panel-3-0e2ed0a1-f87f-475c-a231-cf19eb96a4c7\" tabindex=\"0\">\n\t\t\t<p class=\"wp-block-ub-content-toggle-accordion-title ub-content-toggle-title-0e2ed0a1-f87f-475c-a231-cf19eb96a4c7\" style=\"color: #000000; \">Doctoral School office<\/p>\n\t\t\t<div class=\"wp-block-ub-content-toggle-accordion-toggle-wrap right\" style=\"color: #000000;\"><span class=\"wp-block-ub-content-toggle-accordion-state-indicator wp-block-ub-chevron-down\"><\/span><\/div>\n\t\t<\/div>\n\t\t\t<div role=\"region\" aria-expanded=\"false\" class=\"wp-block-ub-content-toggle-accordion-content-wrap ub-hide\" id=\"ub-content-toggle-panel-3-0e2ed0a1-f87f-475c-a231-cf19eb96a4c7\">\n\n<p><strong>Natalija Perkovi\u0107 M.A.<\/strong><br>Nives Fajdic, B.A. (replacement during 2023)<\/p>\n\n\n\n<p>Doctoral school website:<br><a href=\"https:\/\/uniri.hr\/znanost-i-istrazivanje\/doktorska-skola-sveucilista-u-rijeci\/\" target=\"_blank\" rel=\"noreferrer noopener\">https:\/\/uniri.hr\/znanost-i-istrazivanje\/doktorska-skola-sveucilista-u-rijeci\/<br><\/a><a href=\"https:\/\/doktorska.uniri.hr\/\">https:\/\/doktorska.uniri.hr\/<\/a><\/p>\n\n\n\n<p>E-mail: <a href=\"mailto:doktorska@uniri.hr\">doktorska@uniri.hr<\/a><\/p>\n\n<\/div>\n\t\t<\/div>\n<\/div>","protected":false},"excerpt":{"rendered":"","protected":false},"author":4,"featured_media":0,"parent":3842,"menu_order":1,"comment_status":"closed","ping_status":"closed","template":"","meta":{"_acf_changed":false,"ub_ctt_via":"","footnotes":""},"class_list":["post-3898","page","type-page","status-publish","hentry"],"acf":[],"featured_image_src":null,"_links":{"self":[{"href":"https:\/\/doktorska.uniri.hr\/en\/wp-json\/wp\/v2\/pages\/3898","targetHints":{"allow":["GET"]}}],"collection":[{"href":"https:\/\/doktorska.uniri.hr\/en\/wp-json\/wp\/v2\/pages"}],"about":[{"href":"https:\/\/doktorska.uniri.hr\/en\/wp-json\/wp\/v2\/types\/page"}],"author":[{"embeddable":true,"href":"https:\/\/doktorska.uniri.hr\/en\/wp-json\/wp\/v2\/users\/4"}],"replies":[{"embeddable":true,"href":"https:\/\/doktorska.uniri.hr\/en\/wp-json\/wp\/v2\/comments?post=3898"}],"version-history":[{"count":11,"href":"https:\/\/doktorska.uniri.hr\/en\/wp-json\/wp\/v2\/pages\/3898\/revisions"}],"predecessor-version":[{"id":4150,"href":"https:\/\/doktorska.uniri.hr\/en\/wp-json\/wp\/v2\/pages\/3898\/revisions\/4150"}],"up":[{"embeddable":true,"href":"https:\/\/doktorska.uniri.hr\/en\/wp-json\/wp\/v2\/pages\/3842"}],"wp:attachment":[{"href":"https:\/\/doktorska.uniri.hr\/en\/wp-json\/wp\/v2\/media?parent=3898"}],"curies":[{"name":"wp","href":"https:\/\/api.w.org\/{rel}","templated":true}]}}