{"id":3832,"date":"2023-05-24T10:23:11","date_gmt":"2023-05-24T10:23:11","guid":{"rendered":"https:\/\/doktorska.uniri.hr\/?page_id=3832"},"modified":"2023-10-09T08:23:20","modified_gmt":"2023-10-09T08:23:20","slug":"faculty-of-law-doctoral-study-program-in-the-field-of-social-sciences-the-subject-of-law","status":"publish","type":"page","link":"https:\/\/doktorska.uniri.hr\/en\/programs\/faculty-of-law-doctoral-study-program-in-the-field-of-social-sciences-the-subject-of-law\/","title":{"rendered":"Faculty of Law: Doctoral study program in the field of social sciences, the subject of law"},"content":{"rendered":"\n<p>Doctoral study program in the field of social sciences, the subject of law The doctoral study program at the Faculty of Law is a general program in law and can provide education in all legal and law-related topics. At the same time, it is personalized, as it adapts to the individual doctoral candidate with respect to the language and research topic through the candidate\u2019s personal study plan. Even in the pre-registration phase, the candidate freely chooses courses and seminars from an extensive list, with an option to enroll in the courses from other institutions instead.<\/p>\n\n\n\n<p>Since the program is strongly research oriented, the candidate also develops the framework for the proposed doctoral research, plans the stay at a foreign research institution, and projects the publication of papers and participation in conferences. From the very beginning, the doctoral candidate enjoys the support of the chosen mentor who are by our alumni exceptionally high at 4.91 on a scale of 1 to 5. In order to assure a direct and individualized approach to our doctoral students, their number in the program is limited to excellent and truly motivated ones, with equal openness to those from the academic community and the public or real sector. Together with them, we have built an integrated scientific community characterized by high academic standards, diversity, dynamism, enthusiasm, and cooperation. According to the our alumni survey, our program particularly contributes to the personal development of the doctoral candidates, the acquisition of an important component of their job market qualification, and scientific research.<\/p>\n\n\n\n<p>In addition to a highly developed research infrastructure and a stimulating research environment, the Faculty of Law offers each doctoral candidate continuous specialization and support in academic development, especially through scientific research mobility and communication of research results. December is thus reserved for RIDOC: the Rijeka Doctoral Conference, which in its previous session hosted 55 selected doctoral students from around the world. In addition to being unreservedly recommended by all our alumni, the national re-accreditation of doctoral studies confirmed that for all those who wish to earn a PhD in a legal topic, the Doctoral study program at the Faculty of Law in Rijeka is the first choice in Croatia.<\/p>\n\n\n<div class=\"wp-block-ub-content-toggle wp-block-ub-content-toggle-block\" id=\"ub-content-toggle-block-53f70aa9-649c-4f46-a4d7-9d887ea89308\" data-mobilecollapse=\"true\" data-desktopcollapse=\"true\" data-preventcollapse=\"false\" data-showonlyone=\"false\">\n<div class=\"wp-block-ub-content-toggle-accordion\" style=\"border-color: #f1f1f1;\" id=\"ub-content-toggle-panel-block-\">\n\t\t\t<div class=\"wp-block-ub-content-toggle-accordion-title-wrap\" style=\"background-color: #f1f1f1;\" aria-controls=\"ub-content-toggle-panel-0-53f70aa9-649c-4f46-a4d7-9d887ea89308\" tabindex=\"0\">\n\t\t\t<p class=\"wp-block-ub-content-toggle-accordion-title ub-content-toggle-title-53f70aa9-649c-4f46-a4d7-9d887ea89308\" style=\"color: #000000; \">Basic information<\/p>\n\t\t\t<div class=\"wp-block-ub-content-toggle-accordion-toggle-wrap right\" style=\"color: #000000;\"><span class=\"wp-block-ub-content-toggle-accordion-state-indicator wp-block-ub-chevron-down\"><\/span><\/div>\n\t\t<\/div>\n\t\t\t<div role=\"region\" aria-expanded=\"false\" class=\"wp-block-ub-content-toggle-accordion-content-wrap ub-hide\" id=\"ub-content-toggle-panel-0-53f70aa9-649c-4f46-a4d7-9d887ea89308\">\n\n<ul class=\"wp-block-list\">\n<li>name of study program: Doctoral study program in the field of social sciences, the subject of law<\/li>\n\n\n\n<li>program host: Faculty of Law in Rijeka<\/li>\n\n\n\n<li>program executor: Faculty of Law in Rijeka<\/li>\n\n\n\n<li>duration \/ ECTS Credits: 6 semesters \/ 180 ECTS<\/li>\n\n\n\n<li>enrollment quota: 20<\/li>\n<\/ul>\n\n<\/div>\n\t\t<\/div>\n\n<div class=\"wp-block-ub-content-toggle-accordion\" style=\"border-color: #f1f1f1;\" id=\"ub-content-toggle-panel-block-\">\n\t\t\t<div class=\"wp-block-ub-content-toggle-accordion-title-wrap\" style=\"background-color: #f1f1f1;\" aria-controls=\"ub-content-toggle-panel-1-53f70aa9-649c-4f46-a4d7-9d887ea89308\" tabindex=\"0\">\n\t\t\t<p class=\"wp-block-ub-content-toggle-accordion-title ub-content-toggle-title-53f70aa9-649c-4f46-a4d7-9d887ea89308\" style=\"color: #000000; \">Admission requirements<\/p>\n\t\t\t<div class=\"wp-block-ub-content-toggle-accordion-toggle-wrap right\" style=\"color: #000000;\"><span class=\"wp-block-ub-content-toggle-accordion-state-indicator wp-block-ub-chevron-down\"><\/span><\/div>\n\t\t<\/div>\n\t\t\t<div role=\"region\" aria-expanded=\"false\" class=\"wp-block-ub-content-toggle-accordion-content-wrap ub-hide\" id=\"ub-content-toggle-panel-1-53f70aa9-649c-4f46-a4d7-9d887ea89308\">\n\n<p>Candidates who have earned an integrated undergraduate and graduate university degree in law (mag. iur.) or an graduate university degree in law (dipl. iur.) are eligible to apply. By way of exception, we also admit candidates holding other university degrees under the condition of passing differential courses. Additional admission requirements include the necessary grade average or publication of papers, creation of a personal study plan approved by a potential mentor, proficiency in foreign languages, recommendations, and a positively evaluated interview with the candidate.<\/p>\n\n<\/div>\n\t\t<\/div>\n\n<div class=\"wp-block-ub-content-toggle-accordion\" style=\"border-color: #f1f1f1;\" id=\"ub-content-toggle-panel-block-\">\n\t\t\t<div class=\"wp-block-ub-content-toggle-accordion-title-wrap\" style=\"background-color: #f1f1f1;\" aria-controls=\"ub-content-toggle-panel-2-53f70aa9-649c-4f46-a4d7-9d887ea89308\" tabindex=\"0\">\n\t\t\t<p class=\"wp-block-ub-content-toggle-accordion-title ub-content-toggle-title-53f70aa9-649c-4f46-a4d7-9d887ea89308\" style=\"color: #000000; \">Enrollment dynamics\/dates<\/p>\n\t\t\t<div class=\"wp-block-ub-content-toggle-accordion-toggle-wrap right\" style=\"color: #000000;\"><span class=\"wp-block-ub-content-toggle-accordion-state-indicator wp-block-ub-chevron-down\"><\/span><\/div>\n\t\t<\/div>\n\t\t\t<div role=\"region\" aria-expanded=\"false\" class=\"wp-block-ub-content-toggle-accordion-content-wrap ub-hide\" id=\"ub-content-toggle-panel-2-53f70aa9-649c-4f46-a4d7-9d887ea89308\">\n\n<p>Enrollments are conducted twice a year, at the beginning of each semester (early October and early March).<\/p>\n\n<\/div>\n\t\t<\/div>\n\n<div class=\"wp-block-ub-content-toggle-accordion\" style=\"border-color: #f1f1f1;\" id=\"ub-content-toggle-panel-block-\">\n\t\t\t<div class=\"wp-block-ub-content-toggle-accordion-title-wrap\" style=\"background-color: #f1f1f1;\" aria-controls=\"ub-content-toggle-panel-3-53f70aa9-649c-4f46-a4d7-9d887ea89308\" tabindex=\"0\">\n\t\t\t<p class=\"wp-block-ub-content-toggle-accordion-title ub-content-toggle-title-53f70aa9-649c-4f46-a4d7-9d887ea89308\" style=\"color: #000000; \">Tuition fee and payment method<\/p>\n\t\t\t<div class=\"wp-block-ub-content-toggle-accordion-toggle-wrap right\" style=\"color: #000000;\"><span class=\"wp-block-ub-content-toggle-accordion-state-indicator wp-block-ub-chevron-down\"><\/span><\/div>\n\t\t<\/div>\n\t\t\t<div role=\"region\" aria-expanded=\"false\" class=\"wp-block-ub-content-toggle-accordion-content-wrap ub-hide\" id=\"ub-content-toggle-panel-3-53f70aa9-649c-4f46-a4d7-9d887ea89308\">\n\n<p>The tuition fee for the entire program is 9,000 EUR, and its proportional part is paid upon enrollment in each semester.<\/p>\n\n<\/div>\n\t\t<\/div>\n\n<div class=\"wp-block-ub-content-toggle-accordion\" style=\"border-color: #f1f1f1;\" id=\"ub-content-toggle-panel-block-\">\n\t\t\t<div class=\"wp-block-ub-content-toggle-accordion-title-wrap\" style=\"background-color: #f1f1f1;\" aria-controls=\"ub-content-toggle-panel-4-53f70aa9-649c-4f46-a4d7-9d887ea89308\" tabindex=\"0\">\n\t\t\t<p class=\"wp-block-ub-content-toggle-accordion-title ub-content-toggle-title-53f70aa9-649c-4f46-a4d7-9d887ea89308\" style=\"color: #000000; \">More information<\/p>\n\t\t\t<div class=\"wp-block-ub-content-toggle-accordion-toggle-wrap right\" style=\"color: #000000;\"><span class=\"wp-block-ub-content-toggle-accordion-state-indicator wp-block-ub-chevron-down\"><\/span><\/div>\n\t\t<\/div>\n\t\t\t<div role=\"region\" aria-expanded=\"false\" class=\"wp-block-ub-content-toggle-accordion-content-wrap ub-hide\" id=\"ub-content-toggle-panel-4-53f70aa9-649c-4f46-a4d7-9d887ea89308\">\n\n<p>Program coordinator:<br><strong>Prof. Dr. Ivana Kunda<br><\/strong><a href=\"mailto:ivana.kunda@uniri.hr\">ivana.kunda@uniri.hr<\/a><\/p>\n\n\n\n<p><strong>Program website:<br><\/strong><a href=\"https:\/\/www.pravri.uniri.hr\/en\" target=\"_blank\" rel=\"noreferrer noopener\">https:\/\/www.pravri.uniri.hr\/en<\/a><\/p>\n\n\n\n<p><strong>Contact<\/strong>:<br>tel: +385 51 359 684<br>e-mail: <a href=\"mailto:ridoc@pravri.uniri.hr\">ridoc@pravri.uniri.hr<\/a><\/p>\n\n<\/div>\n\t\t<\/div>\n\n<div class=\"wp-block-ub-content-toggle-accordion\" style=\"border-color: #f1f1f1;\" id=\"ub-content-toggle-panel-block-\">\n\t\t\t<div class=\"wp-block-ub-content-toggle-accordion-title-wrap\" style=\"background-color: #f1f1f1;\" aria-controls=\"ub-content-toggle-panel-5-53f70aa9-649c-4f46-a4d7-9d887ea89308\" tabindex=\"0\">\n\t\t\t<p class=\"wp-block-ub-content-toggle-accordion-title ub-content-toggle-title-53f70aa9-649c-4f46-a4d7-9d887ea89308\" style=\"color: #000000; \">Our doctoral students<\/p>\n\t\t\t<div class=\"wp-block-ub-content-toggle-accordion-toggle-wrap right\" style=\"color: #000000;\"><span class=\"wp-block-ub-content-toggle-accordion-state-indicator wp-block-ub-chevron-down\"><\/span><\/div>\n\t\t<\/div>\n\t\t\t<div role=\"region\" aria-expanded=\"false\" class=\"wp-block-ub-content-toggle-accordion-content-wrap ub-hide\" id=\"ub-content-toggle-panel-5-53f70aa9-649c-4f46-a4d7-9d887ea89308\">\n\n<figure class=\"wp-block-table\"><table><thead><tr><th>Year of obtaining a Ph.D. degree<\/th><th>Name and surname of the student\/employer<\/th><th>Ph.D. thesis topic<\/th><\/tr><\/thead><tbody><tr><td><strong>2023.<\/strong><\/td><td>Armando Demark \/ Faculty of Law in Rijeka<\/td><td>State Responsibility for Damage Caused by the Work of Courts in Croatian, European and Comparative Law (originally in Croatian)<\/td><\/tr><tr><td><strong>2021.<\/strong><\/td><td>Darja Lon\u010dar Du\u0161anovi\u0107 \/ Hrvatski Telekom d.d. (then), Rimac Technology d.o.o. (now)<\/td><td>Back to Bases: Overcoming Legal Uncertainty in Personal Data Processing in the EU<\/td><\/tr><tr><td><strong>2021.<\/strong><\/td><td>Anna-Lena Hoffmann \/ BSB QuackGuttererPartnerschaft von Rechtsanw\u00e4ltenmbB, Dresden (then) CentogeneGmbH, Berlin (now)<\/td><td>The Consent to Process Personal Data in the Healthcare Sector under the GDPR: With Special Consideration of Data Protection Requirements in Germany (originally in German)<\/td><\/tr><tr><td><strong>2019.<\/strong><\/td><td>Marko Perku\u0161i\u0107 \/ University of Split<\/td><td>Legal Issues in Electronic Payment (originally in Croatian)<\/td><\/tr><tr><td><strong>2016.<\/strong><\/td><td>Marija Pijaca \/ University of Zadar<\/td><td>Bareboat Charter (originally in Croatian)<\/td><\/tr><\/tbody><\/table><\/figure>\n\n<\/div>\n\t\t<\/div>\n\n<div class=\"wp-block-ub-content-toggle-accordion\" style=\"border-color: #f1f1f1;\" id=\"ub-content-toggle-panel-block-\">\n\t\t\t<div class=\"wp-block-ub-content-toggle-accordion-title-wrap\" style=\"background-color: #f1f1f1;\" aria-controls=\"ub-content-toggle-panel-6-53f70aa9-649c-4f46-a4d7-9d887ea89308\" tabindex=\"0\">\n\t\t\t<p class=\"wp-block-ub-content-toggle-accordion-title ub-content-toggle-title-53f70aa9-649c-4f46-a4d7-9d887ea89308\" style=\"color: #000000; \">Research questions\/hypotheses addressed in defended doctoral theses<\/p>\n\t\t\t<div class=\"wp-block-ub-content-toggle-accordion-toggle-wrap right\" style=\"color: #000000;\"><span class=\"wp-block-ub-content-toggle-accordion-state-indicator wp-block-ub-chevron-down\"><\/span><\/div>\n\t\t<\/div>\n\t\t\t<div role=\"region\" aria-expanded=\"false\" class=\"wp-block-ub-content-toggle-accordion-content-wrap ub-hide\" id=\"ub-content-toggle-panel-6-53f70aa9-649c-4f46-a4d7-9d887ea89308\">\n\n<figure class=\"wp-block-table\"><table><thead><tr><th>Research questions\/hypotheses<\/th><th>Name and surname of the doctoral student<\/th><\/tr><\/thead><tbody><tr><td>Why should consent not be the first and most important legal basis for processing personal data? What practices in the application of consent as a legal basis for processing personal data are contrary to the European Union legislation? Is the obligation to accept internet \u201ccookies\u201d on websites in compliance with the legislation? What are the criteria for distinguishing pseudonymized from anonymized personal data?<\/td><td>Darja Lon\u010dar Du\u0161anovi\u0107<\/td><\/tr><tr><td>Do the provisions on international jurisdiction and determining the applicable law achieve an adequate level of protection of the interests of all parties\u2019 and an appropriate level of foreseeability? What would be the optimal unified rule of the European Union on determining the applicable law for violations of personality rights on the internet to ensure legal certainty and protect the parties\u2019 interests?<\/td><td>Danijela Vrbljanac<\/td><\/tr><tr><td>Does the General Data Protection Regulation provide sufficient and effective protection for patients with regard to informed consent? What is the impact of so-called opening clauses from the General Data Protection Regulation on the practice of processing personal health data, genetic data, and biometric data?<\/td><td>Anna-Lena Hoffmann<\/td><\/tr><tr><td>Is there adequate balance in the position of litigants in proceedings for compensation for damage caused by the work of courts? What changes in Croatian legislation and judicial practice are necessary to make the exercising of the right to compensation for damage caused by the work of courts more effective?<\/td><td>Armando Demark<\/td><\/tr><\/tbody><\/table><\/figure>\n\n<\/div>\n\t\t<\/div>\n<\/div>","protected":false},"excerpt":{"rendered":"<p>Doctoral study program in the field of social sciences, the subject of law The doctoral study program at the Faculty of Law is a general program in law and can provide education in all legal and law-related topics. At the same time, it is personalized, as it adapts to the individual doctoral candidate with respect [&hellip;]<\/p>\n","protected":false},"author":4,"featured_media":3744,"parent":3846,"menu_order":15,"comment_status":"closed","ping_status":"closed","template":"","meta":{"_acf_changed":false,"ub_ctt_via":"","footnotes":""},"class_list":["post-3832","page","type-page","status-publish","has-post-thumbnail","hentry"],"acf":[],"featured_image_src":"https:\/\/doktorska.uniri.hr\/wp-content\/uploads\/2023\/05\/11-pravri.jpg","_links":{"self":[{"href":"https:\/\/doktorska.uniri.hr\/en\/wp-json\/wp\/v2\/pages\/3832","targetHints":{"allow":["GET"]}}],"collection":[{"href":"https:\/\/doktorska.uniri.hr\/en\/wp-json\/wp\/v2\/pages"}],"about":[{"href":"https:\/\/doktorska.uniri.hr\/en\/wp-json\/wp\/v2\/types\/page"}],"author":[{"embeddable":true,"href":"https:\/\/doktorska.uniri.hr\/en\/wp-json\/wp\/v2\/users\/4"}],"replies":[{"embeddable":true,"href":"https:\/\/doktorska.uniri.hr\/en\/wp-json\/wp\/v2\/comments?post=3832"}],"version-history":[{"count":5,"href":"https:\/\/doktorska.uniri.hr\/en\/wp-json\/wp\/v2\/pages\/3832\/revisions"}],"predecessor-version":[{"id":4171,"href":"https:\/\/doktorska.uniri.hr\/en\/wp-json\/wp\/v2\/pages\/3832\/revisions\/4171"}],"up":[{"embeddable":true,"href":"https:\/\/doktorska.uniri.hr\/en\/wp-json\/wp\/v2\/pages\/3846"}],"wp:featuredmedia":[{"embeddable":true,"href":"https:\/\/doktorska.uniri.hr\/en\/wp-json\/wp\/v2\/media\/3744"}],"wp:attachment":[{"href":"https:\/\/doktorska.uniri.hr\/en\/wp-json\/wp\/v2\/media?parent=3832"}],"curies":[{"name":"wp","href":"https:\/\/api.w.org\/{rel}","templated":true}]}}