{"id":3826,"date":"2023-05-24T10:10:48","date_gmt":"2023-05-24T10:10:48","guid":{"rendered":"https:\/\/doktorska.uniri.hr\/?page_id=3826"},"modified":"2023-10-09T08:22:47","modified_gmt":"2023-10-09T08:22:47","slug":"faculty-of-maritime-studies-doctoral-programme-in-maritime-studies","status":"publish","type":"page","link":"https:\/\/doktorska.uniri.hr\/en\/programs\/faculty-of-maritime-studies-doctoral-programme-in-maritime-studies\/","title":{"rendered":"Faculty of Maritime Studies: Doctoral program in Maritime Studies"},"content":{"rendered":"\n<p>Maritime industry is a complex system segmented into activities of various technical-technological, economic and legal characteristics and is a completely interdisciplinary scientific field. The role of maritime industry and transport in the country\u2019s economic system should represent the basis for the development of the national economy and be the guiding principle in defining strategic objectives for successful integration into European and global traffic and economic flows. Doctoral program \u201cMaritime Studies\u201d at the Faculty of Maritime Studies at the University of Rijeka and affiliated scientific-research institutions enables the acquisition of more detailed and comprehensive knowledge necessary for research, development, and application in various fields of maritime industry and transport. Completion of the program creates university-educated experts who can creatively respond to the demands of maritime industry and transport development based on recent scientific and technical-technological achievements. The dynamics of maritime industry development and globalization of the world economy create growing needs for the mobility of people, goods, and information.<\/p>\n\n\n\n<p>Through an interdisciplinary approach, scientific research and the introduction of new technologies, maritime science should provide appropriate scientific solutions aimed at increasing efficiency, rationality and safety in the entire maritime system. The study programme is implemented through seven modules: Nautical Sciences, Maritime Power and Engineering Systems, Marine Electrical Engineering, Maritime Logistics and Management, Transport System, Marine and Coastal Protection and Naval Systems. Doctoral students are accompanied by a mentor from the beginning of their studies, and there is an insistence on the earliest possible involvement of doctoral students in research projects. The selection of courses and research topics is tailored to the interests of the doctoral students according to the faculty\u2019s available capacities. In order to achieve the highest possible quality of research, spending at least one semester at an external institution is encouraged. In addition to core and elective courses, doctoral students are offered a range of additional general, educational, scientific-research contents and activities during their studies.<\/p>\n\n\n<div class=\"wp-block-ub-content-toggle wp-block-ub-content-toggle-block\" id=\"ub-content-toggle-block-30926c7a-d428-4dcf-b8a0-a9fdcc55a472\" data-mobilecollapse=\"true\" data-desktopcollapse=\"true\" data-preventcollapse=\"false\" data-showonlyone=\"false\">\n<div class=\"wp-block-ub-content-toggle-accordion\" style=\"border-color: #f1f1f1;\" id=\"ub-content-toggle-panel-block-\">\n\t\t\t<div class=\"wp-block-ub-content-toggle-accordion-title-wrap\" style=\"background-color: #f1f1f1;\" aria-controls=\"ub-content-toggle-panel-0-30926c7a-d428-4dcf-b8a0-a9fdcc55a472\" tabindex=\"0\">\n\t\t\t<p class=\"wp-block-ub-content-toggle-accordion-title ub-content-toggle-title-30926c7a-d428-4dcf-b8a0-a9fdcc55a472\" style=\"color: #000000; \">Basic information<\/p>\n\t\t\t<div class=\"wp-block-ub-content-toggle-accordion-toggle-wrap right\" style=\"color: #000000;\"><span class=\"wp-block-ub-content-toggle-accordion-state-indicator wp-block-ub-chevron-down\"><\/span><\/div>\n\t\t<\/div>\n\t\t\t<div role=\"region\" aria-expanded=\"false\" class=\"wp-block-ub-content-toggle-accordion-content-wrap ub-hide\" id=\"ub-content-toggle-panel-0-30926c7a-d428-4dcf-b8a0-a9fdcc55a472\">\n\n<ul class=\"wp-block-list\">\n<li>name of study program: Doctoral program \u201cMaritime Studies\u201d<\/li>\n\n\n\n<li>program host: University of Rijeka, Faculty of Maritime Studies<\/li>\n\n\n\n<li>program executor: University of Rijeka, Faculty of Maritime Studies and collaborating institutions:\n<ul class=\"wp-block-list\">\n<li>University of Zadar, Maritime Department<\/li>\n\n\n\n<li>University of Dubrovnik, Maritime Department<\/li>\n\n\n\n<li>Hydrographic Institute of the Republic of Croatia, Split<\/li>\n\n\n\n<li>Croatian Military Academy \u201cDr. Franjo Tu\u0111man\u201d, Zagreb<\/li>\n\n\n\n<li>Croatian Navy, Split.<\/li>\n<\/ul>\n<\/li>\n\n\n\n<li>duration \/ ECTS: 6 semesters \/ 180 ECTS credits<\/li>\n\n\n\n<li>enrollment quota: Depending on the mentoring capacity and other resources of the Faculty, enrollment quotas are proposed and adopted for each new study cycle.<\/li>\n<\/ul>\n\n<\/div>\n\t\t<\/div>\n\n<div class=\"wp-block-ub-content-toggle-accordion\" style=\"border-color: #f1f1f1;\" id=\"ub-content-toggle-panel-block-\">\n\t\t\t<div class=\"wp-block-ub-content-toggle-accordion-title-wrap\" style=\"background-color: #f1f1f1;\" aria-controls=\"ub-content-toggle-panel-1-30926c7a-d428-4dcf-b8a0-a9fdcc55a472\" tabindex=\"0\">\n\t\t\t<p class=\"wp-block-ub-content-toggle-accordion-title ub-content-toggle-title-30926c7a-d428-4dcf-b8a0-a9fdcc55a472\" style=\"color: #000000; \">Admission requirements<\/p>\n\t\t\t<div class=\"wp-block-ub-content-toggle-accordion-toggle-wrap right\" style=\"color: #000000;\"><span class=\"wp-block-ub-content-toggle-accordion-state-indicator wp-block-ub-chevron-down\"><\/span><\/div>\n\t\t<\/div>\n\t\t\t<div role=\"region\" aria-expanded=\"false\" class=\"wp-block-ub-content-toggle-accordion-content-wrap ub-hide\" id=\"ub-content-toggle-panel-1-30926c7a-d428-4dcf-b8a0-a9fdcc55a472\">\n\n<p>The admission to the doctoral programme is based on a public tender. Citizens of the Republic of Croatia, as well as foreign citizens and stateless persons under the same conditions, have the right to apply for enrollment if they:<\/p>\n\n\n\n<ul class=\"wp-block-list\">\n<li>hold a university graduate degree in the scientific field of technical sciences (with 300 ECTS credits, including undergraduate studies), or exceptionally, hold a graduate or integrated studies degree in other scientific fields, with a prerequisite of passing supplemental courses. <\/li>\n\n\n\n<li>have obtained an academic degree of Master of Science on the basis of study programs started before the reform of higher education in 2005;<\/li>\n\n\n\n<li>have completed a university undergraduate studies in the field of traffic technology or transport on the basis of study programs started before the reform of higher education in 2005, or have completed an undergraduate study in other scientific fields, with a prerequisite of passing supplemental courses.<\/li>\n<\/ul>\n\n\n\n<p>When applying for the enrollment, applicants, among other things, specify and justify their desired field of research and provide a signed consent of a potential mentor.<\/p>\n\n<\/div>\n\t\t<\/div>\n\n<div class=\"wp-block-ub-content-toggle-accordion\" style=\"border-color: #f1f1f1;\" id=\"ub-content-toggle-panel-block-\">\n\t\t\t<div class=\"wp-block-ub-content-toggle-accordion-title-wrap\" style=\"background-color: #f1f1f1;\" aria-controls=\"ub-content-toggle-panel-2-30926c7a-d428-4dcf-b8a0-a9fdcc55a472\" tabindex=\"0\">\n\t\t\t<p class=\"wp-block-ub-content-toggle-accordion-title ub-content-toggle-title-30926c7a-d428-4dcf-b8a0-a9fdcc55a472\" style=\"color: #000000; \">Enrollment dynamics\/dates<\/p>\n\t\t\t<div class=\"wp-block-ub-content-toggle-accordion-toggle-wrap right\" style=\"color: #000000;\"><span class=\"wp-block-ub-content-toggle-accordion-state-indicator wp-block-ub-chevron-down\"><\/span><\/div>\n\t\t<\/div>\n\t\t\t<div role=\"region\" aria-expanded=\"false\" class=\"wp-block-ub-content-toggle-accordion-content-wrap ub-hide\" id=\"ub-content-toggle-panel-2-30926c7a-d428-4dcf-b8a0-a9fdcc55a472\">\n\n<p>Applications for the enrollment are open until the end of September. After the ranking list is determined, enrollment in the program takes place during October.<\/p>\n\n<\/div>\n\t\t<\/div>\n\n<div class=\"wp-block-ub-content-toggle-accordion\" style=\"border-color: #f1f1f1;\" id=\"ub-content-toggle-panel-block-\">\n\t\t\t<div class=\"wp-block-ub-content-toggle-accordion-title-wrap\" style=\"background-color: #f1f1f1;\" aria-controls=\"ub-content-toggle-panel-3-30926c7a-d428-4dcf-b8a0-a9fdcc55a472\" tabindex=\"0\">\n\t\t\t<p class=\"wp-block-ub-content-toggle-accordion-title ub-content-toggle-title-30926c7a-d428-4dcf-b8a0-a9fdcc55a472\" style=\"color: #000000; \">Tuition fee and payment method<\/p>\n\t\t\t<div class=\"wp-block-ub-content-toggle-accordion-toggle-wrap right\" style=\"color: #000000;\"><span class=\"wp-block-ub-content-toggle-accordion-state-indicator wp-block-ub-chevron-down\"><\/span><\/div>\n\t\t<\/div>\n\t\t\t<div role=\"region\" aria-expanded=\"false\" class=\"wp-block-ub-content-toggle-accordion-content-wrap ub-hide\" id=\"ub-content-toggle-panel-3-30926c7a-d428-4dcf-b8a0-a9fdcc55a472\">\n\n<p>The total cost of the program is 10,617.82 EUR. The study costs for the first and second year of study amount to 3,318.07 EUR, which the student can pay in two equal installments before the start of the odd (1st and 3rd) or even (2nd and 4th) semester. The study costs for the third year of study amount to 3,981.68 EUR, which the student can pay in two equal installments before the start of the 5th or 6th semester.<\/p>\n\n<\/div>\n\t\t<\/div>\n\n<div class=\"wp-block-ub-content-toggle-accordion\" style=\"border-color: #f1f1f1;\" id=\"ub-content-toggle-panel-block-\">\n\t\t\t<div class=\"wp-block-ub-content-toggle-accordion-title-wrap\" style=\"background-color: #f1f1f1;\" aria-controls=\"ub-content-toggle-panel-4-30926c7a-d428-4dcf-b8a0-a9fdcc55a472\" tabindex=\"0\">\n\t\t\t<p class=\"wp-block-ub-content-toggle-accordion-title ub-content-toggle-title-30926c7a-d428-4dcf-b8a0-a9fdcc55a472\" style=\"color: #000000; \">More information<\/p>\n\t\t\t<div class=\"wp-block-ub-content-toggle-accordion-toggle-wrap right\" style=\"color: #000000;\"><span class=\"wp-block-ub-content-toggle-accordion-state-indicator wp-block-ub-chevron-down\"><\/span><\/div>\n\t\t<\/div>\n\t\t\t<div role=\"region\" aria-expanded=\"false\" class=\"wp-block-ub-content-toggle-accordion-content-wrap ub-hide\" id=\"ub-content-toggle-panel-4-30926c7a-d428-4dcf-b8a0-a9fdcc55a472\">\n\n<p>Faculty of Maritime Studies<br>Doctoral program \u201cMaritime Studies\u201d<br>e-mail: <a href=\"mailto:doktorski@pfri.uniri.hr\">doktorski@pfri.uniri.hr<\/a><\/p>\n\n\n\n<p>Head of the program:<br><strong>Assist. Prof. Sanjin Val\u010di\u0107, PhD<br><\/strong>e-mail: <a href=\"mailto:sanjin.valcic@pfri.uniri.hr\">sanjin.valcic@pfri.uniri.hr<\/a><\/p>\n\n\n\n<p><strong>Program secretary:<br><\/strong>Assoc. Prof. Biserka Rukavina, PhD<br>e-mail: <a href=\"mailto:biserka.rukavina@pfri.uniri.hr\">biserka.rukavina@pfri.uniri.hr<\/a><\/p>\n\n\n\n<p><strong>Program administrator:<br><\/strong>\u017deljka Vidmar, MSc (Econ.)<br>e-mail: <a href=\"mailto:zeljka.vidmar@pfri.uniri.hr\">zeljka.vidmar@pfri.uniri.hr<\/a><\/p>\n\n\n\n<p><strong>Program website:<\/strong> <br>https:\/\/www.pfri.uniri.hr\/web\/en\/studij_pos_EN_about.php<\/p>\n\n<\/div>\n\t\t<\/div>\n\n<div class=\"wp-block-ub-content-toggle-accordion\" style=\"border-color: #f1f1f1;\" id=\"ub-content-toggle-panel-block-\">\n\t\t\t<div class=\"wp-block-ub-content-toggle-accordion-title-wrap\" style=\"background-color: #f1f1f1;\" aria-controls=\"ub-content-toggle-panel-5-30926c7a-d428-4dcf-b8a0-a9fdcc55a472\" tabindex=\"0\">\n\t\t\t<p class=\"wp-block-ub-content-toggle-accordion-title ub-content-toggle-title-30926c7a-d428-4dcf-b8a0-a9fdcc55a472\" style=\"color: #000000; \">Our doctoral students<\/p>\n\t\t\t<div class=\"wp-block-ub-content-toggle-accordion-toggle-wrap right\" style=\"color: #000000;\"><span class=\"wp-block-ub-content-toggle-accordion-state-indicator wp-block-ub-chevron-down\"><\/span><\/div>\n\t\t<\/div>\n\t\t\t<div role=\"region\" aria-expanded=\"false\" class=\"wp-block-ub-content-toggle-accordion-content-wrap ub-hide\" id=\"ub-content-toggle-panel-5-30926c7a-d428-4dcf-b8a0-a9fdcc55a472\">\n\n<figure class=\"wp-block-table\"><table><thead><tr><th>Year of obtaining a Ph.D. degree<\/th><th>Name and surname of the student\/employer<\/th><th>Ph.D. thesis topic<\/th><\/tr><\/thead><tbody><tr><td><strong>2022.<\/strong><\/td><td>Matthew Sumner \/ H\u00f6egh LNG, Oslo, Norway<\/td><td>Dynamic collision avoidance of sea surface vehicles with a hidden Markov model<\/td><\/tr><tr><td><strong>2022.<\/strong><\/td><td>Marija Jovi\u0107 \/ ISL &#8211; Institute of Shipping Economics and Logistics, Bremen, Germany<\/td><td>Stakeholder digital transformation model in the maritime transport sector<\/td><\/tr><tr><td><strong>2020.<\/strong><\/td><td>Mohamed Moustafa Abbas El Kola \/ Arab Maritime Academy, Cairo<\/td><td>Benchmarking the technical e&amp;ciency of container ports against the port co-opetition concept in the East \u2212 West trade route<\/td><\/tr><tr><td><strong>2017.<\/strong><\/td><td>Donald Schiozzi \/ Port Authority Rovinj<\/td><td>Models of development of county and local ports in relation to the complementarity of the spatial concept of the port and the city<\/td><\/tr><tr><td><strong>2014.<\/strong><\/td><td>Jakov Karmeli\u0107 \/ CMA CGM Croatia d.o.o.<\/td><td>Determining the competitive abilities of liner container service<\/td><\/tr><\/tbody><\/table><\/figure>\n\n<\/div>\n\t\t<\/div>\n\n<div class=\"wp-block-ub-content-toggle-accordion\" style=\"border-color: #f1f1f1;\" id=\"ub-content-toggle-panel-block-\">\n\t\t\t<div class=\"wp-block-ub-content-toggle-accordion-title-wrap\" style=\"background-color: #f1f1f1;\" aria-controls=\"ub-content-toggle-panel-6-30926c7a-d428-4dcf-b8a0-a9fdcc55a472\" tabindex=\"0\">\n\t\t\t<p class=\"wp-block-ub-content-toggle-accordion-title ub-content-toggle-title-30926c7a-d428-4dcf-b8a0-a9fdcc55a472\" style=\"color: #000000; \">Research questions\/hypotheses addressed in defended doctoral theses<\/p>\n\t\t\t<div class=\"wp-block-ub-content-toggle-accordion-toggle-wrap right\" style=\"color: #000000;\"><span class=\"wp-block-ub-content-toggle-accordion-state-indicator wp-block-ub-chevron-down\"><\/span><\/div>\n\t\t<\/div>\n\t\t\t<div role=\"region\" aria-expanded=\"false\" class=\"wp-block-ub-content-toggle-accordion-content-wrap ub-hide\" id=\"ub-content-toggle-panel-6-30926c7a-d428-4dcf-b8a0-a9fdcc55a472\">\n\n<figure class=\"wp-block-table\"><table><thead><tr><th>Research questions\/hypotheses<\/th><th>Name and surname of the doctoral student<\/th><\/tr><\/thead><tbody><tr><td>Is it possible to develop a model that describes, predicts, and enables adjustment of relevant operational parameters of a ship which lead to a more energy efficient transport of liquefied petroleum gas?<\/td><td>Aleksandar Vorkapi\u0107<\/td><\/tr><tr><td>Is it possible to develop a crew readiness model that takes into account dynamic changes of circumstances, crew structure and types of threats which lead to disorganization of the ship evacuation system?<\/td><td>Sr\u0111an Vuji\u010di\u0107<\/td><\/tr><tr><td>What effect does volcanic activity have on the positioning accuracy of satellite navigation systems and is such an influence significant for maritime navigation or other maritime activities?<\/td><td>Ivan Toman<\/td><\/tr><tr><td>Is it possible to design risk-averse hazard avoidance system that can cooperate with equipped sea surface vehicles and avoid other intruding objects deemed dangerous by the model?<\/td><td>Matthew Sumner<\/td><\/tr><tr><td>Can the optimization of the shore charging power system for electric and hybrid ro-ro passenger ships increase the long-term profitability and ecological sustainability of ro-ro passenger traffic?<\/td><td>Ivan Pani\u0107<\/td><\/tr><\/tbody><\/table><\/figure>\n\n<\/div>\n\t\t<\/div>\n<\/div>","protected":false},"excerpt":{"rendered":"<p>Maritime industry is a complex system segmented into activities of various technical-technological, economic and legal characteristics and is a completely interdisciplinary scientific field. The role of maritime industry and transport in the country\u2019s economic system should represent the basis for the development of the national economy and be the guiding principle in defining strategic objectives [&hellip;]<\/p>\n","protected":false},"author":4,"featured_media":3743,"parent":3846,"menu_order":14,"comment_status":"closed","ping_status":"closed","template":"","meta":{"_acf_changed":false,"ub_ctt_via":"","footnotes":""},"class_list":["post-3826","page","type-page","status-publish","has-post-thumbnail","hentry"],"acf":[],"featured_image_src":"https:\/\/doktorska.uniri.hr\/wp-content\/uploads\/2023\/05\/10-pomorski.jpg","_links":{"self":[{"href":"https:\/\/doktorska.uniri.hr\/en\/wp-json\/wp\/v2\/pages\/3826","targetHints":{"allow":["GET"]}}],"collection":[{"href":"https:\/\/doktorska.uniri.hr\/en\/wp-json\/wp\/v2\/pages"}],"about":[{"href":"https:\/\/doktorska.uniri.hr\/en\/wp-json\/wp\/v2\/types\/page"}],"author":[{"embeddable":true,"href":"https:\/\/doktorska.uniri.hr\/en\/wp-json\/wp\/v2\/users\/4"}],"replies":[{"embeddable":true,"href":"https:\/\/doktorska.uniri.hr\/en\/wp-json\/wp\/v2\/comments?post=3826"}],"version-history":[{"count":9,"href":"https:\/\/doktorska.uniri.hr\/en\/wp-json\/wp\/v2\/pages\/3826\/revisions"}],"predecessor-version":[{"id":4170,"href":"https:\/\/doktorska.uniri.hr\/en\/wp-json\/wp\/v2\/pages\/3826\/revisions\/4170"}],"up":[{"embeddable":true,"href":"https:\/\/doktorska.uniri.hr\/en\/wp-json\/wp\/v2\/pages\/3846"}],"wp:featuredmedia":[{"embeddable":true,"href":"https:\/\/doktorska.uniri.hr\/en\/wp-json\/wp\/v2\/media\/3743"}],"wp:attachment":[{"href":"https:\/\/doktorska.uniri.hr\/en\/wp-json\/wp\/v2\/media?parent=3826"}],"curies":[{"name":"wp","href":"https:\/\/api.w.org\/{rel}","templated":true}]}}