{"id":3767,"date":"2023-05-23T14:07:11","date_gmt":"2023-05-23T14:07:11","guid":{"rendered":"https:\/\/doktorska.uniri.hr\/?page_id=3767"},"modified":"2023-09-15T10:33:25","modified_gmt":"2023-09-15T10:33:25","slug":"faculty-of-tourism-and-hospitality-management-doctoral-program-in-business-economics-in-tourism-and-hospitality-industry","status":"publish","type":"page","link":"https:\/\/doktorska.uniri.hr\/en\/programs\/faculty-of-tourism-and-hospitality-management-doctoral-program-in-business-economics-in-tourism-and-hospitality-industry\/","title":{"rendered":"Faculty of Tourism and Hospitality Management: Doctoral program in Business Economics in Tourism and Hospitality Industry"},"content":{"rendered":"\n<p>The Doctoral Program \u201cBusiness Economics in Tourism and Hospitality Industry\u201d is aimed at participants seeking specific knowledge necessary for the development of an academic career in higher education institutions, as well as business people, current and future managers in various business entities and institutions in the tourism system. The program, with a strong methodological foundation, ensures the acquisition of expert knowledge in the field of business administration applied to tourism and hospitality. The study plan is flexible, highly selectiveand adapts to the needs and specificities of each student\u2019s research. <\/p>\n\n\n\n<p>Through individual work in small groups, national and international teachers and mentors provide quality and continuous support for doctoral research projects. In partnership with renowned doctoral programes, and through membership of international associations such as EDAMBA &#8211; European Doctoral Programs Association in Management &amp; Business Administration and CESEENET &#8211; Central and South-East European PhD Network, networking and student mobility are promoted, as well as the internationalisation of education and research.<\/p>\n\n\n<div class=\"wp-block-ub-content-toggle wp-block-ub-content-toggle-block\" id=\"ub-content-toggle-block-13296a6f-db4e-471c-aa94-60524e5d0a81\" data-mobilecollapse=\"true\" data-desktopcollapse=\"true\" data-preventcollapse=\"false\" data-showonlyone=\"false\">\n<div class=\"wp-block-ub-content-toggle-accordion\" style=\"border-color: #f1f1f1;\" id=\"ub-content-toggle-panel-block-\">\n\t\t\t<div class=\"wp-block-ub-content-toggle-accordion-title-wrap\" style=\"background-color: #f1f1f1;\" aria-controls=\"ub-content-toggle-panel-0-13296a6f-db4e-471c-aa94-60524e5d0a81\" tabindex=\"0\">\n\t\t\t<p class=\"wp-block-ub-content-toggle-accordion-title ub-content-toggle-title-13296a6f-db4e-471c-aa94-60524e5d0a81\" style=\"color: #000000; \">Basic information<\/p>\n\t\t\t<div class=\"wp-block-ub-content-toggle-accordion-toggle-wrap right\" style=\"color: #000000;\"><span class=\"wp-block-ub-content-toggle-accordion-state-indicator wp-block-ub-chevron-down\"><\/span><\/div>\n\t\t<\/div>\n\t\t\t<div role=\"region\" aria-expanded=\"false\" class=\"wp-block-ub-content-toggle-accordion-content-wrap ub-hide\" id=\"ub-content-toggle-panel-0-13296a6f-db4e-471c-aa94-60524e5d0a81\">\n\n<ul class=\"wp-block-list\">\n<li>name of study program: Business Economics in Tourism and Hospitality Industry<\/li>\n\n\n\n<li>program host: Faculty of Tourism and Hospitality Management, University of Rijeka<\/li>\n\n\n\n<li>program executor: Faculty of Tourism and Hospitality Management, University of Rijeka<\/li>\n\n\n\n<li>duration \/ ECTS credits: 3 years, 180 ECTS<\/li>\n\n\n\n<li>enrollment quota: 20<\/li>\n<\/ul>\n\n<\/div>\n\t\t<\/div>\n\n<div class=\"wp-block-ub-content-toggle-accordion\" style=\"border-color: #f1f1f1;\" id=\"ub-content-toggle-panel-block-\">\n\t\t\t<div class=\"wp-block-ub-content-toggle-accordion-title-wrap\" style=\"background-color: #f1f1f1;\" aria-controls=\"ub-content-toggle-panel-1-13296a6f-db4e-471c-aa94-60524e5d0a81\" tabindex=\"0\">\n\t\t\t<p class=\"wp-block-ub-content-toggle-accordion-title ub-content-toggle-title-13296a6f-db4e-471c-aa94-60524e5d0a81\" style=\"color: #000000; \">Admission requirements<\/p>\n\t\t\t<div class=\"wp-block-ub-content-toggle-accordion-toggle-wrap right\" style=\"color: #000000;\"><span class=\"wp-block-ub-content-toggle-accordion-state-indicator wp-block-ub-chevron-down\"><\/span><\/div>\n\t\t<\/div>\n\t\t\t<div role=\"region\" aria-expanded=\"false\" class=\"wp-block-ub-content-toggle-accordion-content-wrap ub-hide\" id=\"ub-content-toggle-panel-1-13296a6f-db4e-471c-aa94-60524e5d0a81\">\n\n<ul class=\"wp-block-list\">\n<li>appropriate previous economic education<\/li>\n\n\n\n<li>an average grade of 3.6 or higher<\/li>\n\n\n\n<li>recommendation from at least one university professor<\/li>\n\n\n\n<li>good knowledge of English language and computer skills<\/li>\n\n\n\n<li>a research topic proposal<\/li>\n\n\n\n<li>a positive interview with the Admission Commission<\/li>\n<\/ul>\n\n<\/div>\n\t\t<\/div>\n\n<div class=\"wp-block-ub-content-toggle-accordion\" style=\"border-color: #f1f1f1;\" id=\"ub-content-toggle-panel-block-\">\n\t\t\t<div class=\"wp-block-ub-content-toggle-accordion-title-wrap\" style=\"background-color: #f1f1f1;\" aria-controls=\"ub-content-toggle-panel-2-13296a6f-db4e-471c-aa94-60524e5d0a81\" tabindex=\"0\">\n\t\t\t<p class=\"wp-block-ub-content-toggle-accordion-title ub-content-toggle-title-13296a6f-db4e-471c-aa94-60524e5d0a81\" style=\"color: #000000; \">Enrollment dynamics\/dates<\/p>\n\t\t\t<div class=\"wp-block-ub-content-toggle-accordion-toggle-wrap right\" style=\"color: #000000;\"><span class=\"wp-block-ub-content-toggle-accordion-state-indicator wp-block-ub-chevron-down\"><\/span><\/div>\n\t\t<\/div>\n\t\t\t<div role=\"region\" aria-expanded=\"false\" class=\"wp-block-ub-content-toggle-accordion-content-wrap ub-hide\" id=\"ub-content-toggle-panel-2-13296a6f-db4e-471c-aa94-60524e5d0a81\">\n\n<p>October of each year<\/p>\n\n<\/div>\n\t\t<\/div>\n\n<div class=\"wp-block-ub-content-toggle-accordion\" style=\"border-color: #f1f1f1;\" id=\"ub-content-toggle-panel-block-\">\n\t\t\t<div class=\"wp-block-ub-content-toggle-accordion-title-wrap\" style=\"background-color: #f1f1f1;\" aria-controls=\"ub-content-toggle-panel-3-13296a6f-db4e-471c-aa94-60524e5d0a81\" tabindex=\"0\">\n\t\t\t<p class=\"wp-block-ub-content-toggle-accordion-title ub-content-toggle-title-13296a6f-db4e-471c-aa94-60524e5d0a81\" style=\"color: #000000; \">Tuition fee and payment method<\/p>\n\t\t\t<div class=\"wp-block-ub-content-toggle-accordion-toggle-wrap right\" style=\"color: #000000;\"><span class=\"wp-block-ub-content-toggle-accordion-state-indicator wp-block-ub-chevron-down\"><\/span><\/div>\n\t\t<\/div>\n\t\t\t<div role=\"region\" aria-expanded=\"false\" class=\"wp-block-ub-content-toggle-accordion-content-wrap ub-hide\" id=\"ub-content-toggle-panel-3-13296a6f-db4e-471c-aa94-60524e5d0a81\">\n\n<p>12.500 EUR, payable in installments<\/p>\n\n<\/div>\n\t\t<\/div>\n\n<div class=\"wp-block-ub-content-toggle-accordion\" style=\"border-color: #f1f1f1;\" id=\"ub-content-toggle-panel-block-\">\n\t\t\t<div class=\"wp-block-ub-content-toggle-accordion-title-wrap\" style=\"background-color: #f1f1f1;\" aria-controls=\"ub-content-toggle-panel-4-13296a6f-db4e-471c-aa94-60524e5d0a81\" tabindex=\"0\">\n\t\t\t<p class=\"wp-block-ub-content-toggle-accordion-title ub-content-toggle-title-13296a6f-db4e-471c-aa94-60524e5d0a81\" style=\"color: #000000; \">More information<\/p>\n\t\t\t<div class=\"wp-block-ub-content-toggle-accordion-toggle-wrap right\" style=\"color: #000000;\"><span class=\"wp-block-ub-content-toggle-accordion-state-indicator wp-block-ub-chevron-down\"><\/span><\/div>\n\t\t<\/div>\n\t\t\t<div role=\"region\" aria-expanded=\"false\" class=\"wp-block-ub-content-toggle-accordion-content-wrap ub-hide\" id=\"ub-content-toggle-panel-4-13296a6f-db4e-471c-aa94-60524e5d0a81\">\n\n<p>Study program coordinator:<br><strong>Helga Ma\u0161karin Ribaric, Ph.D.<\/strong>, Full Professor,<br><a href=\"mailto:helgam@fthm.hr\">helgam@fthm.hr<\/a><\/p>\n\n\n\n<p><strong>Study program website:<br><\/strong>https:\/\/fthm.uniri.hr\/en\/study-programs\/study-programs-in-croatian\/phd-programs\/doctoral-studies\/business-economics-in-tourism-and-hospitality-industry\/<\/p>\n\n\n\n<p><strong>Office for doctoral studies:<br><\/strong><a href=\"mailto:uredpds@fthm.hr\">uredpds@fthm.hr<\/a><\/p>\n\n<\/div>\n\t\t<\/div>\n\n<div class=\"wp-block-ub-content-toggle-accordion\" style=\"border-color: #f1f1f1;\" id=\"ub-content-toggle-panel-block-\">\n\t\t\t<div class=\"wp-block-ub-content-toggle-accordion-title-wrap\" style=\"background-color: #f1f1f1;\" aria-controls=\"ub-content-toggle-panel-5-13296a6f-db4e-471c-aa94-60524e5d0a81\" tabindex=\"0\">\n\t\t\t<p class=\"wp-block-ub-content-toggle-accordion-title ub-content-toggle-title-13296a6f-db4e-471c-aa94-60524e5d0a81\" style=\"color: #000000; \">Our doctoral students<\/p>\n\t\t\t<div class=\"wp-block-ub-content-toggle-accordion-toggle-wrap right\" style=\"color: #000000;\"><span class=\"wp-block-ub-content-toggle-accordion-state-indicator wp-block-ub-chevron-down\"><\/span><\/div>\n\t\t<\/div>\n\t\t\t<div role=\"region\" aria-expanded=\"false\" class=\"wp-block-ub-content-toggle-accordion-content-wrap ub-hide\" id=\"ub-content-toggle-panel-5-13296a6f-db4e-471c-aa94-60524e5d0a81\">\n\n<figure class=\"wp-block-table\"><table><thead><tr><th>Year of obtaining a Ph.D. degree<\/th><th>Name and surname of the student\/employer<\/th><th>Ph.D. thesis topic<\/th><\/tr><\/thead><tbody><tr><td><strong>2020.<\/strong><\/td><td>Eda Ribari\u0107-\u010cu\u010dkovi\u0107 \/ The Polytechnic of Rijeka<\/td><td>Quality cost accounting in the hospitality industry<\/td><\/tr><tr><td><strong>2021.<\/strong><\/td><td>Ma\u0161a Trinajsti\u0107 \/ University of Rijeka Faculty of Tourism and Hospitality Management<\/td><td>Model of local economic development in function of optimal utilization of resources<\/td><\/tr><tr><td><strong>2022.<\/strong><\/td><td>Suzana Herman \/ The University of Applied Sciences Baltazar Zapre\u0161i\u0107<\/td><td>Volatility of tourism to external shocks<\/td><\/tr><tr><td><strong>2022.<\/strong><\/td><td>Sergej Gri\u010dar \/ University of Novo Mesto, Faculty of Economics and<br>Informatics<\/td><td>Implementation of vector autoregression models in tourism: state of the art analysis and further development<\/td><\/tr><tr><td><strong>2022.<\/strong><\/td><td>Maja Buljat \/ The University of Applied Sciences Baltazar Zapre\u0161i\u0107<\/td><td>Interdependence of businesses of hotel companies and selected economic policy measures<\/td><\/tr><\/tbody><\/table><\/figure>\n\n<\/div>\n\t\t<\/div>\n\n<div class=\"wp-block-ub-content-toggle-accordion\" style=\"border-color: #f1f1f1;\" id=\"ub-content-toggle-panel-block-\">\n\t\t\t<div class=\"wp-block-ub-content-toggle-accordion-title-wrap\" style=\"background-color: #f1f1f1;\" aria-controls=\"ub-content-toggle-panel-6-13296a6f-db4e-471c-aa94-60524e5d0a81\" tabindex=\"0\">\n\t\t\t<p class=\"wp-block-ub-content-toggle-accordion-title ub-content-toggle-title-13296a6f-db4e-471c-aa94-60524e5d0a81\" style=\"color: #000000; \">Research questions\/hypotheses addressed in defended doctoral theses<\/p>\n\t\t\t<div class=\"wp-block-ub-content-toggle-accordion-toggle-wrap right\" style=\"color: #000000;\"><span class=\"wp-block-ub-content-toggle-accordion-state-indicator wp-block-ub-chevron-down\"><\/span><\/div>\n\t\t<\/div>\n\t\t\t<div role=\"region\" aria-expanded=\"false\" class=\"wp-block-ub-content-toggle-accordion-content-wrap ub-hide\" id=\"ub-content-toggle-panel-6-13296a6f-db4e-471c-aa94-60524e5d0a81\">\n\n<figure class=\"wp-block-table\"><table><thead><tr><th>Research questions\/hypotheses<\/th><th>Name and surname of the doctoral student<\/th><\/tr><\/thead><tbody><tr><td>To what extent does quality cost accounting ontribute to quality management of business processes, i.e. how does accounting monitoring and evaluation, and cost management of quality reflect on improving business processes and making business decisions in the area of quality management of hotel companies?<\/td><td>Eda Ribari\u0107-\u010cu\u010dkovi\u0107<\/td><\/tr><tr><td>Does local economic development affect the quality of life of residents, the development of cities and municipalities, and the optimal use of resources?<\/td><td>Ma\u0161a Trinajsti\u0107<\/td><\/tr><tr><td>Is there a difference in the degree of sensitivity of tourism to selected external shocks?<\/td><td>Suzana Herman<\/td><\/tr><tr><td>Econometric modeling and forecasting of time series of tourist demand in Slovenia and Croatia using VAR models and panel cointegrated models with a focus on researching and achieving normality of model errors.<\/td><td>Sergej Gri\u010dar<\/td><\/tr><tr><td>What are the effects of individual economic policy measures on the business of hotel companies?<\/td><td>Maja Buljat<\/td><\/tr><\/tbody><\/table><\/figure>\n\n<\/div>\n\t\t<\/div>\n<\/div>","protected":false},"excerpt":{"rendered":"<p>The Doctoral Program \u201cBusiness Economics in Tourism and Hospitality Industry\u201d is aimed at participants seeking specific knowledge necessary for the development of an academic career in higher education institutions, as well as business people, current and future managers in various business entities and institutions in the tourism system. The program, with a strong methodological foundation, [&hellip;]<\/p>\n","protected":false},"author":4,"featured_media":3747,"parent":3846,"menu_order":6,"comment_status":"closed","ping_status":"closed","template":"","meta":{"_acf_changed":false,"ub_ctt_via":"","footnotes":""},"class_list":["post-3767","page","type-page","status-publish","has-post-thumbnail","hentry"],"acf":[],"featured_image_src":"https:\/\/doktorska.uniri.hr\/wp-content\/uploads\/2023\/05\/05-fthm.jpg","_links":{"self":[{"href":"https:\/\/doktorska.uniri.hr\/en\/wp-json\/wp\/v2\/pages\/3767","targetHints":{"allow":["GET"]}}],"collection":[{"href":"https:\/\/doktorska.uniri.hr\/en\/wp-json\/wp\/v2\/pages"}],"about":[{"href":"https:\/\/doktorska.uniri.hr\/en\/wp-json\/wp\/v2\/types\/page"}],"author":[{"embeddable":true,"href":"https:\/\/doktorska.uniri.hr\/en\/wp-json\/wp\/v2\/users\/4"}],"replies":[{"embeddable":true,"href":"https:\/\/doktorska.uniri.hr\/en\/wp-json\/wp\/v2\/comments?post=3767"}],"version-history":[{"count":7,"href":"https:\/\/doktorska.uniri.hr\/en\/wp-json\/wp\/v2\/pages\/3767\/revisions"}],"predecessor-version":[{"id":4158,"href":"https:\/\/doktorska.uniri.hr\/en\/wp-json\/wp\/v2\/pages\/3767\/revisions\/4158"}],"up":[{"embeddable":true,"href":"https:\/\/doktorska.uniri.hr\/en\/wp-json\/wp\/v2\/pages\/3846"}],"wp:featuredmedia":[{"embeddable":true,"href":"https:\/\/doktorska.uniri.hr\/en\/wp-json\/wp\/v2\/media\/3747"}],"wp:attachment":[{"href":"https:\/\/doktorska.uniri.hr\/en\/wp-json\/wp\/v2\/media?parent=3767"}],"curies":[{"name":"wp","href":"https:\/\/api.w.org\/{rel}","templated":true}]}}