{"id":3764,"date":"2023-05-23T13:53:08","date_gmt":"2023-05-23T13:53:08","guid":{"rendered":"https:\/\/doktorska.uniri.hr\/?page_id=3764"},"modified":"2023-09-15T10:31:58","modified_gmt":"2023-09-15T10:31:58","slug":"faculty-of-tourism-and-hospitality-management-doctoral-program-in-management-of-sustainable-development","status":"publish","type":"page","link":"https:\/\/doktorska.uniri.hr\/en\/programs\/faculty-of-tourism-and-hospitality-management-doctoral-program-in-management-of-sustainable-development\/","title":{"rendered":"Faculty of Tourism and Hospitality Management: Doctoral program in Management of Sustainable Development"},"content":{"rendered":"\n<p>Doctoral Study Management of Sustainable Development is a unique doctoral program in Croatia that combines specific knowledge and methodology for research and expert management of sustainable development, respecting the interdisciplinary nature of the topic. The program has three modules: Management of sustainable tourism development, Regional and local sustainable development, and Entrepreneurship and sustainable development.<\/p>\n\n\n\n<p>Upon completion of the study the academic degree Doctor of Science (Ph.D.) in the area of social sciences, field of economics is acquired. The topicality of the study content and research topics allows participants to further develop their careers at institutions of higher education and institutes after its completion, but also enables career advancement in business, public institutions, local government and other management organizations. The structure and content of the study program allow for individual adaptation to the interests of each participant. Participants have the opportunity to attend international scientific conferences, as well as numerous workshops and seminars organized by the faculty to strengthen their competencies and knowledge. Participants with no previous education in economics can also enroll in the program (with the completion of differential exams).<\/p>\n\n\n<div class=\"wp-block-ub-content-toggle wp-block-ub-content-toggle-block\" id=\"ub-content-toggle-block-fdfdf474-8f1f-4304-b2d4-163e154bf47c\" data-mobilecollapse=\"true\" data-desktopcollapse=\"true\" data-preventcollapse=\"false\" data-showonlyone=\"false\">\n<div class=\"wp-block-ub-content-toggle-accordion\" style=\"border-color: #f1f1f1;\" id=\"ub-content-toggle-panel-block-\">\n\t\t\t<div class=\"wp-block-ub-content-toggle-accordion-title-wrap\" style=\"background-color: #f1f1f1;\" aria-controls=\"ub-content-toggle-panel-0-fdfdf474-8f1f-4304-b2d4-163e154bf47c\" tabindex=\"0\">\n\t\t\t<p class=\"wp-block-ub-content-toggle-accordion-title ub-content-toggle-title-fdfdf474-8f1f-4304-b2d4-163e154bf47c\" style=\"color: #000000; \">Basic information<\/p>\n\t\t\t<div class=\"wp-block-ub-content-toggle-accordion-toggle-wrap right\" style=\"color: #000000;\"><span class=\"wp-block-ub-content-toggle-accordion-state-indicator wp-block-ub-chevron-down\"><\/span><\/div>\n\t\t<\/div>\n\t\t\t<div role=\"region\" aria-expanded=\"false\" class=\"wp-block-ub-content-toggle-accordion-content-wrap ub-hide\" id=\"ub-content-toggle-panel-0-fdfdf474-8f1f-4304-b2d4-163e154bf47c\">\n\n<ul class=\"wp-block-list\">\n<li>name of study program: Management of Sustainable Development<\/li>\n\n\n\n<li>program host: Faculty of Tourism and Hospitality Management, University of Rijeka<\/li>\n\n\n\n<li>program executor: Faculty of Tourism and Hospitality Management, University of Rijeka<\/li>\n\n\n\n<li>duration \/ ECTS credits: 3 years, 180 ECTS<\/li>\n\n\n\n<li>enrollment quota: 30<\/li>\n<\/ul>\n\n<\/div>\n\t\t<\/div>\n\n<div class=\"wp-block-ub-content-toggle-accordion\" style=\"border-color: #f1f1f1;\" id=\"ub-content-toggle-panel-block-\">\n\t\t\t<div class=\"wp-block-ub-content-toggle-accordion-title-wrap\" style=\"background-color: #f1f1f1;\" aria-controls=\"ub-content-toggle-panel-1-fdfdf474-8f1f-4304-b2d4-163e154bf47c\" tabindex=\"0\">\n\t\t\t<p class=\"wp-block-ub-content-toggle-accordion-title ub-content-toggle-title-fdfdf474-8f1f-4304-b2d4-163e154bf47c\" style=\"color: #000000; \">Admission requirements<\/p>\n\t\t\t<div class=\"wp-block-ub-content-toggle-accordion-toggle-wrap right\" style=\"color: #000000;\"><span class=\"wp-block-ub-content-toggle-accordion-state-indicator wp-block-ub-chevron-down\"><\/span><\/div>\n\t\t<\/div>\n\t\t\t<div role=\"region\" aria-expanded=\"false\" class=\"wp-block-ub-content-toggle-accordion-content-wrap ub-hide\" id=\"ub-content-toggle-panel-1-fdfdf474-8f1f-4304-b2d4-163e154bf47c\">\n\n<ul class=\"wp-block-list\">\n<li>the program is open to students with prior economic education, as well as those without prior economic education (with the completion of differential exams)<\/li>\n\n\n\n<li>a GPA of 3.6 or higher is required.<\/li>\n\n\n\n<li>a recommendation from at least one university professor is required<\/li>\n\n\n\n<li>good knowledge of English and computer skills are required<\/li>\n\n\n\n<li>a research topic proposal is required<\/li>\n\n\n\n<li>a positive interview with the Admissions Committee is required<\/li>\n<\/ul>\n\n<\/div>\n\t\t<\/div>\n\n<div class=\"wp-block-ub-content-toggle-accordion\" style=\"border-color: #f1f1f1;\" id=\"ub-content-toggle-panel-block-\">\n\t\t\t<div class=\"wp-block-ub-content-toggle-accordion-title-wrap\" style=\"background-color: #f1f1f1;\" aria-controls=\"ub-content-toggle-panel-2-fdfdf474-8f1f-4304-b2d4-163e154bf47c\" tabindex=\"0\">\n\t\t\t<p class=\"wp-block-ub-content-toggle-accordion-title ub-content-toggle-title-fdfdf474-8f1f-4304-b2d4-163e154bf47c\" style=\"color: #000000; \">Enrollment dynamics\/dates<\/p>\n\t\t\t<div class=\"wp-block-ub-content-toggle-accordion-toggle-wrap right\" style=\"color: #000000;\"><span class=\"wp-block-ub-content-toggle-accordion-state-indicator wp-block-ub-chevron-down\"><\/span><\/div>\n\t\t<\/div>\n\t\t\t<div role=\"region\" aria-expanded=\"false\" class=\"wp-block-ub-content-toggle-accordion-content-wrap ub-hide\" id=\"ub-content-toggle-panel-2-fdfdf474-8f1f-4304-b2d4-163e154bf47c\">\n\n<p>October of each year<\/p>\n\n<\/div>\n\t\t<\/div>\n\n<div class=\"wp-block-ub-content-toggle-accordion\" style=\"border-color: #f1f1f1;\" id=\"ub-content-toggle-panel-block-\">\n\t\t\t<div class=\"wp-block-ub-content-toggle-accordion-title-wrap\" style=\"background-color: #f1f1f1;\" aria-controls=\"ub-content-toggle-panel-3-fdfdf474-8f1f-4304-b2d4-163e154bf47c\" tabindex=\"0\">\n\t\t\t<p class=\"wp-block-ub-content-toggle-accordion-title ub-content-toggle-title-fdfdf474-8f1f-4304-b2d4-163e154bf47c\" style=\"color: #000000; \">Tuition fee and payment method<\/p>\n\t\t\t<div class=\"wp-block-ub-content-toggle-accordion-toggle-wrap right\" style=\"color: #000000;\"><span class=\"wp-block-ub-content-toggle-accordion-state-indicator wp-block-ub-chevron-down\"><\/span><\/div>\n\t\t<\/div>\n\t\t\t<div role=\"region\" aria-expanded=\"false\" class=\"wp-block-ub-content-toggle-accordion-content-wrap ub-hide\" id=\"ub-content-toggle-panel-3-fdfdf474-8f1f-4304-b2d4-163e154bf47c\">\n\n<p>12.500 EUR, payable in installments<\/p>\n\n<\/div>\n\t\t<\/div>\n\n<div class=\"wp-block-ub-content-toggle-accordion\" style=\"border-color: #f1f1f1;\" id=\"ub-content-toggle-panel-block-\">\n\t\t\t<div class=\"wp-block-ub-content-toggle-accordion-title-wrap\" style=\"background-color: #f1f1f1;\" aria-controls=\"ub-content-toggle-panel-4-fdfdf474-8f1f-4304-b2d4-163e154bf47c\" tabindex=\"0\">\n\t\t\t<p class=\"wp-block-ub-content-toggle-accordion-title ub-content-toggle-title-fdfdf474-8f1f-4304-b2d4-163e154bf47c\" style=\"color: #000000; \">More information<\/p>\n\t\t\t<div class=\"wp-block-ub-content-toggle-accordion-toggle-wrap right\" style=\"color: #000000;\"><span class=\"wp-block-ub-content-toggle-accordion-state-indicator wp-block-ub-chevron-down\"><\/span><\/div>\n\t\t<\/div>\n\t\t\t<div role=\"region\" aria-expanded=\"false\" class=\"wp-block-ub-content-toggle-accordion-content-wrap ub-hide\" id=\"ub-content-toggle-panel-4-fdfdf474-8f1f-4304-b2d4-163e154bf47c\">\n\n<p>Study program coordinator:<br><strong>Dora Smol\u010di\u0107 Jurdana, Ph.D., <\/strong>Full Professor with tenure (<a href=\"mailto:doras@fthm.hr\">doras@fthm.hr<\/a>)<\/p>\n\n\n\n<p><strong>Study program website:<br><\/strong>https:\/\/fthm.uniri.hr\/en\/study-programs\/study-programs-in-croatian\/phd-programs\/doctoral-studies\/management-of-sustainable-development\/<\/p>\n\n\n\n<p><strong>Contact for student office: <\/strong><a href=\"mailto:uredpds@fthm.hr\">uredpds@fthm.hr<\/a><\/p>\n\n<\/div>\n\t\t<\/div>\n\n<div class=\"wp-block-ub-content-toggle-accordion\" style=\"border-color: #f1f1f1;\" id=\"ub-content-toggle-panel-block-\">\n\t\t\t<div class=\"wp-block-ub-content-toggle-accordion-title-wrap\" style=\"background-color: #f1f1f1;\" aria-controls=\"ub-content-toggle-panel-5-fdfdf474-8f1f-4304-b2d4-163e154bf47c\" tabindex=\"0\">\n\t\t\t<p class=\"wp-block-ub-content-toggle-accordion-title ub-content-toggle-title-fdfdf474-8f1f-4304-b2d4-163e154bf47c\" style=\"color: #000000; \">Our doctoral students<\/p>\n\t\t\t<div class=\"wp-block-ub-content-toggle-accordion-toggle-wrap right\" style=\"color: #000000;\"><span class=\"wp-block-ub-content-toggle-accordion-state-indicator wp-block-ub-chevron-down\"><\/span><\/div>\n\t\t<\/div>\n\t\t\t<div role=\"region\" aria-expanded=\"false\" class=\"wp-block-ub-content-toggle-accordion-content-wrap ub-hide\" id=\"ub-content-toggle-panel-5-fdfdf474-8f1f-4304-b2d4-163e154bf47c\">\n\n<figure class=\"wp-block-table\"><table><thead><tr><th>Year of obtaining a Ph.D. degree<\/th><th>Name and surname of the student\/employer<\/th><th>Ph.D. thesis topic<\/th><\/tr><\/thead><tbody><tr><td><strong>2015.<\/strong><\/td><td>Jelena \u0110urkin Badurina \/ Faculty of Tourism and Hospitality Management, University of Rijeka<\/td><td>Organizational aspects of community based tourism<\/td><\/tr><tr><td><strong>2017.<\/strong><\/td><td>Morena Mi\u010deti\u0107 \/ City of Pore\u010d<\/td><td>The role of local government in planning and promoting the sustainable development of tourism destinations<\/td><\/tr><tr><td><strong>2017.<\/strong><\/td><td>Vanja Vitezic \/ Faculty of Tourism and Hospitality Management, University of Rijeka<\/td><td>Innovation management and efficiency of low &#8211; and medium &#8211; low tech enterprises technological levels<\/td><\/tr><tr><td><strong>2018.<\/strong><\/td><td>Jelena Mu\u0161anovi\u0107 (Kom\u0161i\u0107) \/ Faculty of Tourism and Hospitality Management, University of Rijeka<\/td><td>Measuring tourism destination reputation on social media and tourist satisfaction<\/td><\/tr><tr><td><strong>2018.<\/strong><\/td><td>Lorena Dadi\u0107 Fruk \/ Faculty of Tourism and Hospitality Management, University of Rijeka<\/td><td>Tourism as a source of financing nonprofit associations in toursim destinations<\/td><\/tr><tr><td><strong>2019.<\/strong><\/td><td>Marina Barkid\u017eija Soto\u0161ek \/ Faculty of Tourism and Hospitality Management, University of Rijeka<\/td><td>Generational cohorts affiliation as a basic behavioural determinant of congress tourism participants<\/td><\/tr><tr><td><strong>2020.<\/strong><\/td><td>Jelena Dor\u010di\u0107 \/ Faculty of Tourism and Hospitality Management, University of Rijeka<\/td><td>Modelling intentions for online reservations in the hotel industry<\/td><\/tr><tr><td><strong>2021.<\/strong><\/td><td>Tihana Cegur Radovi\u0107 \/ Karlovac University of Applied Sciences<\/td><td>The interdependence of tourist experience and enviornmentally responsible behaviour of tourists in campsites<\/td><\/tr><\/tbody><\/table><\/figure>\n\n<\/div>\n\t\t<\/div>\n\n<div class=\"wp-block-ub-content-toggle-accordion\" style=\"border-color: #f1f1f1;\" id=\"ub-content-toggle-panel-block-\">\n\t\t\t<div class=\"wp-block-ub-content-toggle-accordion-title-wrap\" style=\"background-color: #f1f1f1;\" aria-controls=\"ub-content-toggle-panel-6-fdfdf474-8f1f-4304-b2d4-163e154bf47c\" tabindex=\"0\">\n\t\t\t<p class=\"wp-block-ub-content-toggle-accordion-title ub-content-toggle-title-fdfdf474-8f1f-4304-b2d4-163e154bf47c\" style=\"color: #000000; \">Research questions\/hypotheses addressed in defended doctoral theses<\/p>\n\t\t\t<div class=\"wp-block-ub-content-toggle-accordion-toggle-wrap right\" style=\"color: #000000;\"><span class=\"wp-block-ub-content-toggle-accordion-state-indicator wp-block-ub-chevron-down\"><\/span><\/div>\n\t\t<\/div>\n\t\t\t<div role=\"region\" aria-expanded=\"false\" class=\"wp-block-ub-content-toggle-accordion-content-wrap ub-hide\" id=\"ub-content-toggle-panel-6-fdfdf474-8f1f-4304-b2d4-163e154bf47c\">\n\n<figure class=\"wp-block-table\"><table><thead><tr><th>Research questions\/hypotheses<\/th><th>Name and surname of the doctoral student<\/th><\/tr><\/thead><tbody><tr><td>What is the relationship between website quality, online customer experience, and future intentions to make online hotel accommodation reservations?<\/td><td>Jelena Dor\u010di\u0107<\/td><\/tr><tr><td>Are existing measurement instruments suitable for measuring and evaluating the antecedents of reputation on social media, reputation of tourism destinations on social media, and tourist satisfaction?<\/td><td>Jelena Mu\u0161anovi\u0107 (Kom\u0161i\u0107)<\/td><\/tr><tr><td>Is it possible to develop a model for successful innovation management in Croatian companies with low and medium low technological levels, based on scientifically grounded knowledge about innovation management, characteristics of innovation capacity of Croatian companies, characteristics of Croatian companies with low and medium low technological levels, and investigated innovation factors of German companies with low and medium low technological levels?<\/td><td>Vanja Vitezi\u0107<\/td><\/tr><tr><td>What elements influence the attitude of the population towards organizing for the purpose of joint planning and implementation of tourism development, i.e., their decision to support such activities and participate in them?<\/td><td>Jelena \u0110urkin Badurina<\/td><\/tr><tr><td>How does belonging to a generational group affect the behavior of participants in congress tourism?<\/td><td>Marina Barki\u0111ija Soto\u0161ek<\/td><\/tr><\/tbody><\/table><\/figure>\n\n<\/div>\n\t\t<\/div>\n<\/div>","protected":false},"excerpt":{"rendered":"<p>Doctoral Study Management of Sustainable Development is a unique doctoral program in Croatia that combines specific knowledge and methodology for research and expert management of sustainable development, respecting the interdisciplinary nature of the topic. The program has three modules: Management of sustainable tourism development, Regional and local sustainable development, and Entrepreneurship and sustainable development. Upon [&hellip;]<\/p>\n","protected":false},"author":4,"featured_media":3747,"parent":3846,"menu_order":5,"comment_status":"closed","ping_status":"closed","template":"","meta":{"_acf_changed":false,"ub_ctt_via":"","footnotes":""},"class_list":["post-3764","page","type-page","status-publish","has-post-thumbnail","hentry"],"acf":[],"featured_image_src":"https:\/\/doktorska.uniri.hr\/wp-content\/uploads\/2023\/05\/05-fthm.jpg","_links":{"self":[{"href":"https:\/\/doktorska.uniri.hr\/en\/wp-json\/wp\/v2\/pages\/3764","targetHints":{"allow":["GET"]}}],"collection":[{"href":"https:\/\/doktorska.uniri.hr\/en\/wp-json\/wp\/v2\/pages"}],"about":[{"href":"https:\/\/doktorska.uniri.hr\/en\/wp-json\/wp\/v2\/types\/page"}],"author":[{"embeddable":true,"href":"https:\/\/doktorska.uniri.hr\/en\/wp-json\/wp\/v2\/users\/4"}],"replies":[{"embeddable":true,"href":"https:\/\/doktorska.uniri.hr\/en\/wp-json\/wp\/v2\/comments?post=3764"}],"version-history":[{"count":6,"href":"https:\/\/doktorska.uniri.hr\/en\/wp-json\/wp\/v2\/pages\/3764\/revisions"}],"predecessor-version":[{"id":4157,"href":"https:\/\/doktorska.uniri.hr\/en\/wp-json\/wp\/v2\/pages\/3764\/revisions\/4157"}],"up":[{"embeddable":true,"href":"https:\/\/doktorska.uniri.hr\/en\/wp-json\/wp\/v2\/pages\/3846"}],"wp:featuredmedia":[{"embeddable":true,"href":"https:\/\/doktorska.uniri.hr\/en\/wp-json\/wp\/v2\/media\/3747"}],"wp:attachment":[{"href":"https:\/\/doktorska.uniri.hr\/en\/wp-json\/wp\/v2\/media?parent=3764"}],"curies":[{"name":"wp","href":"https:\/\/api.w.org\/{rel}","templated":true}]}}